{"id":3,"date":"2019-08-14T13:41:43","date_gmt":"2019-08-14T13:41:43","guid":{"rendered":"https:\/\/hel.ee\/?page_id=3"},"modified":"2019-08-24T21:10:43","modified_gmt":"2019-08-24T21:10:43","slug":"privacy-policy","status":"publish","type":"page","link":"https:\/\/hel.ee\/?page_id=3","title":{"rendered":"Privaatsuspoliitika"},"content":{"rendered":"\n<p><strong>PRIVAATSUSTINGIMUSED<br><\/strong>K\u00e4esolevad privaatsuspoliitika p\u00f5him\u00f5tted panevad paika, kuidas Hiiumaa Ettev\u00f5tjate Liit (edaspidi HEL) kasutab ja kaitseb informatsiooni, mida kasutajad edastavad veebilehe www.hel.ee kasutamisel. HEL kohustub kaitsma kasutajate privaatsust ja kinnitab, et veebilehel k\u00fcsitud kasutaja andmeid kasutatakse \u00fcksnes koosk\u00f5las k\u00e4esolevate privaatsustingimustega.<\/p>\n\n\n\n<p><strong>Vastutus kogutavate isikuandmete eest<br><\/strong>Kasutaja edastatud isikuandmete kogumise ja kontrollimise eest vastutab HEL. Isikuandmete kogumisel ja kontrollimisel l\u00e4htutakse Eesti isikuandmete kaitse seadusest ja Euroopa Parlamendi ja N\u00f5ukogu direktiivist 95\/46\/E\u00dc \u00fcksikisikute kaitse kohta isikuandmete t\u00f6\u00f6tlemisel ja selliste andmete vaba liikumise kohta.<\/p>\n\n\n\n<p><strong>Kogutavad isikuandmed<br><\/strong>HEL kogub isikuandmeid, mida kasutaja edastab n\u00e4iteks HEL liikmeavaldust esitades, kontakteerudes HEL juhtkonnaga, osaledes korraldataval s\u00fcndmusel, osaledes tarbijam\u00e4ngus vms.<br>Kogutavad isikuandmed on muuhulgas j\u00e4rgmised:<\/p>\n\n\n\n<ul class=\"wp-block-list\"><li>Nimi<\/li><li>S\u00fcnniaeg<\/li><li>Kontaktinformatsioon, sealhulgas aadress, e-maili aadress ja telefoninumber<\/li><li>Muu informatsioon, mis on oluline eesm\u00e4rkide t\u00e4itmiseks<\/li><\/ul>\n\n\n\n<p><strong>Kogutud isikuandmeid ja informatsiooni kasutame j\u00e4rgmistel eesm\u00e4rkidel:<\/strong><\/p>\n\n\n\n<ul class=\"wp-block-list\"><li>Organisatsioonisisene arvepidamine<\/li><li>L\u00e4bi kodulehe edastatud p\u00e4ringute t\u00f6\u00f6tlemine ja nendele vastamine<\/li><li>Kasutaja teavitamine uutest v\u00f5i muutunud teenustest<\/li><li>Otseturundus<\/li><li>S\u00fcndmuste toimumisest teavitamine<\/li><li>V\u00f5istluste ja loosimiste v\u00f5itjate teavitamine<\/li><li>K\u00fcsitluste edastamine, et pakkuda kasutajatele v\u00f5imalus m\u00f5jutada ja parendada meie teenust<\/li><li>Meie teenuse eba\u00f5ige kasutamise v\u00e4ltimine<\/li><\/ul>\n\n\n\n<p>HEL hoiab kasutaja andmeid nii kaua, kui on vajalik eeltoodud eesm\u00e4rkide t\u00e4itmiseks v\u00f5i seaduses n\u00f5utud perioodi. P\u00e4rast seda kogutud isikuandmed kustutatakse.<\/p>\n\n\n\n<p><strong>Turvalisus<br><\/strong>HEL tagab kasutajate isikuandmete kaitse. Isikuandmetele lubamatu juurdep\u00e4\u00e4su v\u00f5i isikuandmete avalikustamise v\u00e4ltimiseks on kasutusele v\u00f5etud sobivad tehnoloogilised ja administratiivsed meetmed. Juurdep\u00e4\u00e4s andmete muutmiseks ja t\u00f6\u00f6tlemiseks on ainult selleks volitatud isikutel.<\/p>\n\n\n\n<p><strong>Isikuandmete kontroll<br><\/strong>HEL ei m\u00fc\u00fc ega avalikusta kasutaja isikuandmeid kolmandatele isikutele ilma isikuandmete omaniku n\u00f5usolekuta v\u00f5i seadusest tuleneva kohustuseta.<br>Kasutajal on \u00f5igus igal ajal paluda informatsiooni tema kohta kogutud andmete suhtes. Tema kohta kogutud andmete informatsiooni v\u00e4ljastamine on kasutajale tasuta. Kui isikuandmed on valed v\u00f5i ebaolulised, on kasutajal \u00f5igus paluda informatsiooni korrigeerimist v\u00f5i eemaldamist. Me ei saa eemaldada andmeid, kui neile kehtib seadusj\u00e4rgne hoiustamise n\u00f5ue v\u00f5i need on vajalikud lepingust tulenevate n\u00f5uete sissen\u00f5udmiseks.<br>Me v\u00f5ime kasutada isikuandmeid edastamaks kasutajale kolmandate osapoolte pakkumisi, mida me peame kasutaja jaoks huvitavaks. Isikul on v\u00f5imalik ennast igal ajal pakkumiste saajate nimekirjast eemaldada v\u00f5ttes \u00fchendust emailil\u00a0<a href=\"mailto:info@hel.ee\">info@hel.ee<\/a><\/p>\n\n\n\n<p><strong>Privaatsuspoliitika tingimused ja muudatused<br><\/strong>HEL on \u00f5igus vajadusel privaatsustingimusi muuta. Meie veebilehte kasutades kinnitate, et olete k\u00e4esolevate tingimustega tutvunud ning n\u00f5ustute nendega. Privaatsustingimustes tehtud muudatustega kursis olemiseks palume k\u00fclastada meie veebilehte.<br>K\u00f5igi seoses privaatsuspoliitika v\u00f5i andmet\u00f6\u00f6tluse kohta tekkivate k\u00fcsimuste v\u00f5i muredega palume v\u00f5tta meiega \u00fchendust aadressil\u00a0<a href=\"mailto:info@hel.ee\">info@hel.ee<\/a><\/p>\n","protected":false},"excerpt":{"rendered":"<p>PRIVAATSUSTINGIMUSEDK\u00e4esolevad privaatsuspoliitika p\u00f5him\u00f5tted panevad paika, kuidas Hiiumaa Ettev\u00f5tjate Liit (edaspidi HEL) kasutab ja kaitseb informatsiooni, mida kasutajad edastavad veebilehe www.hel.ee kasutamisel. HEL kohustub kaitsma kasutajate privaatsust ja kinnitab, et veebilehel k\u00fcsitud kasutaja andmeid kasutatakse \u00fcksnes koosk\u00f5las k\u00e4esolevate privaatsustingimustega. Vastutus kogutavate isikuandmete eestKasutaja edastatud isikuandmete kogumise ja kontrollimise eest vastutab HEL. Isikuandmete kogumisel ja kontrollimisel l\u00e4htutakse [&hellip;]<\/p>\n","protected":false},"author":1,"featured_media":0,"parent":0,"menu_order":0,"comment_status":"closed","ping_status":"open","template":"","meta":{"footnotes":""},"class_list":["post-3","page","type-page","status-publish","hentry"],"_links":{"self":[{"href":"https:\/\/hel.ee\/index.php?rest_route=\/wp\/v2\/pages\/3","targetHints":{"allow":["GET"]}}],"collection":[{"href":"https:\/\/hel.ee\/index.php?rest_route=\/wp\/v2\/pages"}],"about":[{"href":"https:\/\/hel.ee\/index.php?rest_route=\/wp\/v2\/types\/page"}],"author":[{"embeddable":true,"href":"https:\/\/hel.ee\/index.php?rest_route=\/wp\/v2\/users\/1"}],"replies":[{"embeddable":true,"href":"https:\/\/hel.ee\/index.php?rest_route=%2Fwp%2Fv2%2Fcomments&post=3"}],"version-history":[{"count":1,"href":"https:\/\/hel.ee\/index.php?rest_route=\/wp\/v2\/pages\/3\/revisions"}],"predecessor-version":[{"id":26,"href":"https:\/\/hel.ee\/index.php?rest_route=\/wp\/v2\/pages\/3\/revisions\/26"}],"wp:attachment":[{"href":"https:\/\/hel.ee\/index.php?rest_route=%2Fwp%2Fv2%2Fmedia&parent=3"}],"curies":[{"name":"wp","href":"https:\/\/api.w.org\/{rel}","templated":true}]}}